{"id":6,"date":"2017-01-07T00:20:55","date_gmt":"2017-01-06T21:20:55","guid":{"rendered":"http:\/\/www.yagizozbir.com\/?page_id=6"},"modified":"2020-09-10T12:06:16","modified_gmt":"2020-09-10T09:06:16","slug":"hakkimda","status":"publish","type":"page","link":"https:\/\/www.yagizozbir.com\/index.php\/hakkimda\/","title":{"rendered":"Hakk\u0131mda"},"content":{"rendered":"<p><span style=\"font-family: Arial; font-size: 14px;\"><img loading=\"lazy\" decoding=\"async\" class=\"wp-image-558 size-full aligncenter\" src=\"https:\/\/www.yagizozbir.com\/wp-content\/uploads\/2018\/04\/tv.jpg\" alt=\"\" width=\"574\" height=\"322\" srcset=\"https:\/\/www.yagizozbir.com\/wp-content\/uploads\/2018\/04\/tv.jpg 574w, https:\/\/www.yagizozbir.com\/wp-content\/uploads\/2018\/04\/tv-300x168.jpg 300w\" sizes=\"auto, (max-width: 574px) 100vw, 574px\" \/><\/span><\/p>\n<p><strong>HAKKIMDA<\/strong><\/p>\n<p><span style=\"font-family: Arial; font-size: 14px;\">2011 y\u0131l\u0131nda \u0130stanbul \u00dcniversitesi Ula\u015ft\u0131rma ve Lojistik\u00a0Fak\u00fcltesi Ula\u015ft\u0131rma ve Lojistik Y\u00f6netimi Anabilim Dal\u0131\u2019ndan mezun oldum. \u00c7al\u0131\u015ft\u0131\u011f\u0131m kurumda\u00a0ofis e\u011fitmeni olarak;\u00a02014 y\u0131l\u0131ndan itibaren personel ve m\u00fc\u015fteri e\u011fitimleri\u00a0d\u00fczenlemekteyim. Ayr\u0131ca, 2017 y\u0131l\u0131ndan itibaren\u00a0Kar\u015f\u0131yaka Halk E\u011fitim Merkezi&#8217;nde Ula\u015ft\u0131rma Hizmetleri bran\u015f\u0131nda usta e\u011fitici olarak g\u00f6rev almaktay\u0131m. <\/span><\/p>\n<p><span style=\"font-family: Arial; font-size: 14px;\">2015 y\u0131l\u0131 itibar\u0131yla Tehlikeli Madde G\u00fcvenlik Dan\u0131\u015fman\u0131 olarak, lojistik sekt\u00f6r\u00fcnde katma de\u011fer\u00a0sa\u011flayacak bir alanda uzmanla\u015fmay\u0131 ama\u00e7lad\u0131m. 2013 y\u0131l\u0131ndan itibaren profesyonel olarak \u00e7al\u0131\u015ft\u0131\u011f\u0131m lojistik sekt\u00f6r\u00fcnde; sat\u0131\u015f, bilgi i\u015flem, e\u011fitim, tedarik\u00e7i ili\u015fkileri ve i\u015f geli\u015ftirme departmanlar\u0131nda\u00a0orta d\u00fczey y\u00f6netici olarak\u00a0deneyim sahibiyim.\u00a0Bilimsel ara\u015ft\u0131rma, kanunlar\u00a0ve sekt\u00f6rel team\u00fclleri esas alarak; lojistik ve tehlikeli madde g\u00fcvenli\u011fi konular\u0131nda dan\u0131\u015fmanl\u0131k, e\u011fitmenlik ve yazarl\u0131k yapmaktay\u0131m.<\/span><\/p>\n<p>Televizyon Yay\u0131n\u0131 :\u00a0<a href=\"https:\/\/www.youtube.com\/watch?v=RooBXZW37BE&amp;t=166s\">https:\/\/www.youtube.com\/watch?v=RooBXZW37BE&amp;t=166s<\/a><\/p>\n<p><img loading=\"lazy\" decoding=\"async\" class=\"size-medium wp-image-560 alignleft\" src=\"https:\/\/www.yagizozbir.com\/wp-content\/uploads\/2018\/04\/IMG-20180411-WA0008-300x200.jpg\" alt=\"\" width=\"300\" height=\"200\" srcset=\"https:\/\/www.yagizozbir.com\/wp-content\/uploads\/2018\/04\/IMG-20180411-WA0008-300x200.jpg 300w, https:\/\/www.yagizozbir.com\/wp-content\/uploads\/2018\/04\/IMG-20180411-WA0008-768x512.jpg 768w, https:\/\/www.yagizozbir.com\/wp-content\/uploads\/2018\/04\/IMG-20180411-WA0008-1024x682.jpg 1024w, https:\/\/www.yagizozbir.com\/wp-content\/uploads\/2018\/04\/IMG-20180411-WA0008.jpg 1600w\" sizes=\"auto, (max-width: 300px) 100vw, 300px\" \/> <img loading=\"lazy\" decoding=\"async\" class=\"wp-image-561 size-medium alignleft\" src=\"https:\/\/www.yagizozbir.com\/wp-content\/uploads\/2018\/04\/IMG-20180411-WA0009-300x200.jpg\" alt=\"\" width=\"300\" height=\"200\" srcset=\"https:\/\/www.yagizozbir.com\/wp-content\/uploads\/2018\/04\/IMG-20180411-WA0009-300x200.jpg 300w, https:\/\/www.yagizozbir.com\/wp-content\/uploads\/2018\/04\/IMG-20180411-WA0009-768x512.jpg 768w, https:\/\/www.yagizozbir.com\/wp-content\/uploads\/2018\/04\/IMG-20180411-WA0009-1024x682.jpg 1024w, https:\/\/www.yagizozbir.com\/wp-content\/uploads\/2018\/04\/IMG-20180411-WA0009.jpg 1600w\" sizes=\"auto, (max-width: 300px) 100vw, 300px\" \/><\/p>\n<p><strong>\u0130NTERNET S\u0130TES\u0130N\u0130N AMACI<\/strong><\/p>\n<p><span style=\"font-family: Arial; font-size: 14px;\">\u00d6zellikle Tehlikeli Madde Ta\u015f\u0131mac\u0131l\u0131\u011f\u0131 konusunda, gerek evraksal gerekse e\u011fitimsel anlamda uluslararas\u0131 standartlar\u0131n uygulanabilmesi a\u00e7\u0131s\u0131ndan, edindi\u011fim deneyimler do\u011frultusunda payla\u015f\u0131m yapmay\u0131 ama\u00e7lamaktay\u0131m. Kaleme alaca\u011f\u0131m yaz\u0131lar\u0131m\u0131n ve payla\u015f\u0131mlar\u0131m\u0131n, okuyucular\u0131n geribildirimleri ile anlam kazanaca\u011f\u0131n\u0131 d\u00fc\u015f\u00fcn\u00fcyorum. Soru ve g\u00f6r\u00fc\u015flerinizi cevaplamaktan memnuniyet duyar\u0131m.<\/span><\/p>\n<p><span style=\"font-family: Arial; font-size: 14px;\"> \u00a0<\/span><img loading=\"lazy\" decoding=\"async\" class=\"alignnone wp-image-24\" src=\"https:\/\/www.yagizozbir.com\/wp-content\/uploads\/2017\/01\/Expeditors-icon_collection-33R-300x265.png\" alt=\"\" width=\"19\" height=\"17\" srcset=\"https:\/\/www.yagizozbir.com\/wp-content\/uploads\/2017\/01\/Expeditors-icon_collection-33R-300x265.png 300w, https:\/\/www.yagizozbir.com\/wp-content\/uploads\/2017\/01\/Expeditors-icon_collection-33R-768x678.png 768w, https:\/\/www.yagizozbir.com\/wp-content\/uploads\/2017\/01\/Expeditors-icon_collection-33R-270x260.png 270w, https:\/\/www.yagizozbir.com\/wp-content\/uploads\/2017\/01\/Expeditors-icon_collection-33R.png 917w\" sizes=\"auto, (max-width: 19px) 100vw, 19px\" \/> <a href=\"https:\/\/www.yagizozbir.com\/wp-content\/uploads\/2020\/09\/CV.pdf\">Ya\u011f\u0131z \u00d6ZB\u0130R CV<\/a><\/p>\n<p><span style=\"font-family: Arial; font-size: 14px;\">Sekt\u00f6rel bilgi ve deneyimim do\u011frultusunda, a\u015fa\u011f\u0131daki konular ba\u015fta olmak \u00fczere, e\u011fitim ve dan\u0131\u015fmanl\u0131k hizmetleri sunmaktay\u0131m.\u00a0<\/span><\/p>\n<ol>\n<li><a href=\"https:\/\/www.yagizozbir.com\/index.php\/2018\/01\/16\/385\/\">LOJ\u0130ST\u0130K GENEL B\u0130L\u0130N\u00c7LEND\u0130RME E\u011e\u0130T\u0130M\u0130<\/a><\/li>\n<li><a href=\"https:\/\/www.yagizozbir.com\/index.php\/2018\/01\/16\/tehlikeli-madde-genel-bilinclendirme-egitimi-2-saat\/\">TEHL\u0130KEL\u0130 MADDE GENEL B\u0130L\u0130N\u00c7LEND\u0130RME E\u011e\u0130T\u0130M\u0130<\/a><\/li>\n<li><a href=\"https:\/\/www.yagizozbir.com\/index.php\/2018\/01\/16\/incoterms-2010-egitimi-3-saat\/\">INCOTERMS 2020 E\u011e\u0130T\u0130M\u0130<\/a><\/li>\n<li><a href=\"https:\/\/www.yagizozbir.com\/index.php\/2018\/01\/16\/dis-ticarette-odeme-yontemleri-2-saat\/\">DI\u015e T\u0130CARETTE \u00d6DEME Y\u00d6NTEMLER\u0130<\/a><\/li>\n<li><a href=\"https:\/\/www.yagizozbir.com\/index.php\/2018\/01\/16\/denizyolu-ithalat-yuklemelerinde-kullanilan-terimler-ve-olusan-bazi-masraflar-1-saat\/\">DEN\u0130ZYOLU \u0130THALAT Y\u00dcKLEMELER\u0130NDE KULLANILAN TER\u0130MLER VE OLU\u015eAN BAZI MASRAFLAR<\/a><\/li>\n<li><a style=\"text-indent: -18pt;\" href=\"https:\/\/www.yagizozbir.com\/index.php\/2017\/08\/17\/depo-ellecleme-personel-egitimi\/\">DEPO ELLE\u00c7LEME PERSONEL E\u011e\u0130T\u0130M\u0130<\/a><\/li>\n<li><a href=\"https:\/\/www.yagizozbir.com\/index.php\/2018\/01\/16\/gumruk-rejimleri-hakkinda-genel-bilinclendirme-egitimi-3-saat\/\">G\u00dcMR\u00dcK REJ\u0130MLER\u0130 HAKKINDA GENEL B\u0130L\u0130N\u00c7LEND\u0130RME E\u011e\u0130T\u0130M\u0130<\/a><\/li>\n<li><a href=\"https:\/\/www.yagizozbir.com\/index.php\/2018\/01\/16\/intermodal-ve-multimodal-tasimacilik-1-saat\/\">INTERMODAL VE MULT\u0130MODAL TA\u015eIMACILIK<\/a><\/li>\n<li><a href=\"https:\/\/www.yagizozbir.com\/index.php\/2018\/01\/16\/emtea-nakliyat-sigortasi-genel-bilinclendirme-egitimi-2-saat\/\">EMTEA NAKL\u0130YAT S\u0130GORTASI GENEL B\u0130L\u0130N\u00c7LEND\u0130RME E\u011e\u0130T\u0130M\u0130<\/a><\/li>\n<li><a href=\"https:\/\/www.yagizozbir.com\/index.php\/2018\/01\/16\/endustri-4-0-2-saat\/\">END\u00dcSTR\u0130 4.0<\/a><\/li>\n<li><a href=\"https:\/\/www.yagizozbir.com\/index.php\/2018\/01\/16\/yuk-tasima-maliyetlerini-iyilestirecek-6-temel-yontem-1-saat\/\">Y\u00dcK TA\u015eIMA MAL\u0130YETLER\u0130N\u0130 \u0130Y\u0130LE\u015eT\u0130RECEK 6 TEMEL Y\u00d6NTEM<\/a><\/li>\n<\/ol>\n","protected":false},"excerpt":{"rendered":"<p>HAKKIMDA 2011 y\u0131l\u0131nda \u0130stanbul \u00dcniversitesi Ula\u015ft\u0131rma ve Lojistik\u00a0Fak\u00fcltesi Ula\u015ft\u0131rma ve Lojistik Y\u00f6netimi Anabilim Dal\u0131\u2019ndan mezun oldum. \u00c7al\u0131\u015ft\u0131\u011f\u0131m kurumda\u00a0ofis e\u011fitmeni olarak;\u00a02014 y\u0131l\u0131ndan itibaren personel ve m\u00fc\u015fteri e\u011fitimleri\u00a0d\u00fczenlemekteyim. Ayr\u0131ca, 2017 y\u0131l\u0131ndan itibaren\u00a0Kar\u015f\u0131yaka Halk E\u011fitim Merkezi&#8217;nde Ula\u015ft\u0131rma Hizmetleri bran\u015f\u0131nda usta e\u011fitici olarak g\u00f6rev&#8230;<\/p>\n","protected":false},"author":1,"featured_media":0,"parent":0,"menu_order":0,"comment_status":"closed","ping_status":"closed","template":"","meta":{"footnotes":""},"class_list":["post-6","page","type-page","status-publish","hentry","no-post-thumbnail"],"jetpack_sharing_enabled":true,"_links":{"self":[{"href":"https:\/\/www.yagizozbir.com\/index.php\/wp-json\/wp\/v2\/pages\/6","targetHints":{"allow":["GET"]}}],"collection":[{"href":"https:\/\/www.yagizozbir.com\/index.php\/wp-json\/wp\/v2\/pages"}],"about":[{"href":"https:\/\/www.yagizozbir.com\/index.php\/wp-json\/wp\/v2\/types\/page"}],"author":[{"embeddable":true,"href":"https:\/\/www.yagizozbir.com\/index.php\/wp-json\/wp\/v2\/users\/1"}],"replies":[{"embeddable":true,"href":"https:\/\/www.yagizozbir.com\/index.php\/wp-json\/wp\/v2\/comments?post=6"}],"version-history":[{"count":27,"href":"https:\/\/www.yagizozbir.com\/index.php\/wp-json\/wp\/v2\/pages\/6\/revisions"}],"predecessor-version":[{"id":726,"href":"https:\/\/www.yagizozbir.com\/index.php\/wp-json\/wp\/v2\/pages\/6\/revisions\/726"}],"wp:attachment":[{"href":"https:\/\/www.yagizozbir.com\/index.php\/wp-json\/wp\/v2\/media?parent=6"}],"curies":[{"name":"wp","href":"https:\/\/api.w.org\/{rel}","templated":true}]}}