{"id":34,"date":"2017-01-09T13:31:18","date_gmt":"2017-01-09T10:31:18","guid":{"rendered":"http:\/\/www.yagizozbir.com\/?page_id=34"},"modified":"2019-12-24T09:32:27","modified_gmt":"2019-12-24T06:32:27","slug":"adr","status":"publish","type":"page","link":"https:\/\/www.yagizozbir.com\/index.php\/adr\/","title":{"rendered":"ADR"},"content":{"rendered":"<p style=\"text-align: left;\"><b><img loading=\"lazy\" decoding=\"async\" class=\"size-medium wp-image-92 alignleft\" src=\"https:\/\/www.yagizozbir.com\/wp-content\/uploads\/2017\/01\/ADR_W_TABS-300x225.jpg\" alt=\"\" width=\"300\" height=\"225\" \/><\/b>ADR(European Agreement Concerning the International Carriage of Dangerous Goods by Road) Tehlikeli Mallar\u0131n Karayolu ile Uluslararas\u0131 Ta\u015f\u0131mac\u0131l\u0131\u011f\u0131na \u0130li\u015fkin Avrupa Anla\u015fmas\u0131d\u0131r. Birle\u015fmi\u015f Milletler Avrupa Ekonomik.Komisyonu giri\u015fimi ile 30 Eyl\u00fcl 1957 tarihinde y\u00fcr\u00fcrl\u00fc\u011fe girdi. Bu tarihten itibaren g\u00fcn\u00fcm\u00fcze kadar baz\u0131 de\u011fi\u015fiklikler yap\u0131lan anla\u015fman\u0131n son hali, 1 Ocak 2003&#8217;te yay\u0131nland\u0131 ve 1 Temmuz 2003&#8217;te uygulamaya ge\u00e7ti. 2007&#8217;de \u00fcye olan Malta ile birlikte, anla\u015fmaya taraf olan 48 \u00fclke mevcuttur.<\/p>\n<p>Uygulamada otoyol denetimleri, anla\u015fmaya taraf olan \u00fclkeler taraf\u0131ndan yap\u0131lmakta olup, kural ihlali durumunda, ulusal kamu mevzuat\u0131na g\u00f6re yasal i\u015flem uygulan\u0131r. ADR Anla\u015fmas\u0131\u2019n\u0131n i\u00e7eri\u011finde herhangi bir cezai yapt\u0131r\u0131m yer almamaktad\u0131r.<\/p>\n<p><a href=\"https:\/\/tmkt.uab.gov.tr\/uploads\/pages\/uluslararasi-sozlesmeler\/adr-2019-turkce-degisiklikler-vurgulu.pdf\">ADR 2019 TR<\/a><\/p>\n<p><a href=\"https:\/\/www.unece.org\/fileadmin\/DAM\/trans\/danger\/multi\/ADR_2019_vol1_1818953_E.pdf\">ADR 2019 EN Vol.I<\/a><\/p>\n<p><a href=\"https:\/\/www.unece.org\/fileadmin\/DAM\/trans\/danger\/multi\/ADR_2019_vol2_1818956_E.pdf\">ADR 2019 EN Vol.II<\/a><\/p>\n<p><img loading=\"lazy\" decoding=\"async\" class=\"wp-image-35 aligncenter\" src=\"https:\/\/www.yagizozbir.com\/wp-content\/uploads\/2017\/01\/ADR-2013-300x173.jpg\" alt=\"\" width=\"308\" height=\"182\" \/><\/p>\n","protected":false},"excerpt":{"rendered":"<p>ADR(European Agreement Concerning the International Carriage of Dangerous Goods by Road) Tehlikeli Mallar\u0131n Karayolu ile Uluslararas\u0131 Ta\u015f\u0131mac\u0131l\u0131\u011f\u0131na \u0130li\u015fkin Avrupa Anla\u015fmas\u0131d\u0131r. Birle\u015fmi\u015f Milletler Avrupa Ekonomik.Komisyonu giri\u015fimi ile 30 Eyl\u00fcl 1957 tarihinde y\u00fcr\u00fcrl\u00fc\u011fe girdi. Bu tarihten itibaren g\u00fcn\u00fcm\u00fcze kadar baz\u0131 de\u011fi\u015fiklikler yap\u0131lan&#8230;<\/p>\n","protected":false},"author":1,"featured_media":92,"parent":0,"menu_order":0,"comment_status":"closed","ping_status":"closed","template":"","meta":{"footnotes":""},"class_list":["post-34","page","type-page","status-publish","has-post-thumbnail","hentry"],"jetpack_sharing_enabled":true,"_links":{"self":[{"href":"https:\/\/www.yagizozbir.com\/index.php\/wp-json\/wp\/v2\/pages\/34","targetHints":{"allow":["GET"]}}],"collection":[{"href":"https:\/\/www.yagizozbir.com\/index.php\/wp-json\/wp\/v2\/pages"}],"about":[{"href":"https:\/\/www.yagizozbir.com\/index.php\/wp-json\/wp\/v2\/types\/page"}],"author":[{"embeddable":true,"href":"https:\/\/www.yagizozbir.com\/index.php\/wp-json\/wp\/v2\/users\/1"}],"replies":[{"embeddable":true,"href":"https:\/\/www.yagizozbir.com\/index.php\/wp-json\/wp\/v2\/comments?post=34"}],"version-history":[{"count":9,"href":"https:\/\/www.yagizozbir.com\/index.php\/wp-json\/wp\/v2\/pages\/34\/revisions"}],"predecessor-version":[{"id":646,"href":"https:\/\/www.yagizozbir.com\/index.php\/wp-json\/wp\/v2\/pages\/34\/revisions\/646"}],"wp:featuredmedia":[{"embeddable":true,"href":"https:\/\/www.yagizozbir.com\/index.php\/wp-json\/wp\/v2\/media\/92"}],"wp:attachment":[{"href":"https:\/\/www.yagizozbir.com\/index.php\/wp-json\/wp\/v2\/media?parent=34"}],"curies":[{"name":"wp","href":"https:\/\/api.w.org\/{rel}","templated":true}]}}