{"id":2,"date":"2017-01-07T00:07:29","date_gmt":"2017-01-06T21:07:29","guid":{"rendered":"http:\/\/www.yagizozbir.com\/?page_id=2"},"modified":"2018-02-19T15:57:32","modified_gmt":"2018-02-19T12:57:32","slug":"ornek-sayfa","status":"publish","type":"page","link":"https:\/\/www.yagizozbir.com\/index.php\/ornek-sayfa\/","title":{"rendered":"Muafiyetler"},"content":{"rendered":"<p><img loading=\"lazy\" decoding=\"async\" class=\"alignright wp-image-30 size-large\" src=\"https:\/\/www.yagizozbir.com\/wp-content\/uploads\/2017\/01\/adrfu_5487-1-e1483967583956-1024x406.jpg\" alt=\"\" width=\"640\" height=\"254\" srcset=\"https:\/\/www.yagizozbir.com\/wp-content\/uploads\/2017\/01\/adrfu_5487-1-e1483967583956-1024x406.jpg 1024w, https:\/\/www.yagizozbir.com\/wp-content\/uploads\/2017\/01\/adrfu_5487-1-e1483967583956-300x119.jpg 300w, https:\/\/www.yagizozbir.com\/wp-content\/uploads\/2017\/01\/adrfu_5487-1-e1483967583956-768x304.jpg 768w, https:\/\/www.yagizozbir.com\/wp-content\/uploads\/2017\/01\/adrfu_5487-1-e1483967583956-500x198.jpg 500w, https:\/\/www.yagizozbir.com\/wp-content\/uploads\/2017\/01\/adrfu_5487-1-e1483967583956.jpg 1035w\" sizes=\"auto, (max-width: 640px) 100vw, 640px\" \/><\/p>\n<p>Tehlikeli maddeler mevzuat\u0131 olan ADR Anla\u015fmas\u0131 kapsam\u0131nda, a\u015fa\u011f\u0131daki konularda bilgilendirme ama\u00e7lanm\u0131\u015ft\u0131r.<\/p>\n<p>&#8211; Ta\u015f\u0131ma Kategorisi Muafiyeti (K\u0131smi Muafiyetler- Partial Exceptions),<br \/>\n&#8211; Genel(Tam) Muafiyetler,<br \/>\n&#8211; S\u0131n\u0131rl\u0131 Miktar Muafiyeti(Limited Quantity Exception)<br \/>\n&#8211; \u0130stisnai Miktar Muafiyeti (Exceptional Quantity)<\/p>\n<p>Bu ba\u015fl\u0131k alt\u0131nda yer alan; K\u0131sm\u0131 Muafiyet, S\u0131n\u0131rl\u0131 Miktar ve \u0130stisnai Miktar Muafiyetleri, yaln\u0131zca paketleme i\u015flemlerine uygulanmaktad\u0131r. Genel Muafiyetler ise, ta\u015f\u0131ma faaliyetinin niteli\u011fine g\u00f6re limit getirilerek uygun g\u00f6r\u00fclen istisnalard\u0131r.<\/p>\n<p>&nbsp;<\/p>\n<h2 style=\"text-align: center;\">TA\u015eIMA KATEGOR\u0130S\u0130 MUAF\u0130YET\u0130 veya KISM\u0130 MUAF\u0130YET (Partial Exceptions) (Ref. 1.1.3.6.3)<\/h2>\n<p>ADR kapsam\u0131nda, Tablo A \u2018da 15. s\u00fctunda yer alan rakam uyar\u0131nca, a\u015fa\u011f\u0131daki uygulamalardan muaf tutulabilir. Bu muafiyetler, 1.1.3.6.3 Tablosunda yer alan ve bir ta\u015f\u0131ma \u00fcnitesinde ta\u015f\u0131nabilecek en fazla madde miktar\u0131n\u0131 g\u00f6steren rakamlar esas al\u0131narak uygulan\u0131r.\u00a0 Farkl\u0131 ta\u015f\u0131ma kategorilerine sahip mallar\u0131n ta\u015f\u0131nabilmesi i\u00e7in,\u00a0 ta\u015f\u0131ma \u00fcnitesi ba\u015f\u0131na 1000 a\u011f\u0131rl\u0131k birimi limit uygulan\u0131r.<\/p>\n<p>\u00d6ncelikle; Tablo A\u2019da 6. S\u00fctunda yer alan \u00d6zel H\u00fck\u00fcmler (3.3) dikkate al\u0131nmal\u0131 ve maddenin ADR kapsam\u0131ndaki olas\u0131 \u00e7ekinceleri g\u00f6zden ge\u00e7irilmelidir.<\/p>\n<p>UN numaras\u0131 ve a\u011f\u0131rl\u0131k bilgisi ile, a\u015fa\u011f\u0131daki linkten,\u00a0 ta\u015f\u0131ma kategorisi muafiyetini sorgulayabilirsiniz.<\/p>\n<p><a href=\"http:\/\/www.adr-check.com\/\">http:\/\/www.<\/a><a href=\"http:\/\/www.adr-check.com\/\">adr<\/a><a href=\"http:\/\/www.adr-check.com\/\">&#8211;<\/a><a href=\"http:\/\/www.adr-check.com\/\">check<\/a><a href=\"http:\/\/www.adr-check.com\/\">.com\/<\/a><\/p>\n<h2 style=\"text-align: center;\">GENEL veya TAM MUAF\u0130YETLER (Full Exceptions) (Ref. 1.1.3.1)<\/h2>\n<p>\u0130lgili referans alt\u0131nda yer alan ta\u015f\u0131ma faaliyetinin niteli\u011fi ile ilgili muafiyetler; perakende sat\u0131\u015f i\u00e7in ambalajlanm\u0131\u015f, ki\u015fisel veya evsel kullan\u0131m maksatl\u0131, hobi veya spor faaliyetleri ama\u00e7l\u0131 ve normal ta\u015f\u0131ma ko\u015fullar\u0131nda s\u0131z\u0131nt\u0131y\u0131 \u00f6nleyici \u00f6nlemlerinin al\u0131nd\u0131\u011f\u0131 ta\u015f\u0131malar\u0131 kapsar. \u00a0Bu kapsamda limit; 1 kap i\u00e7in 60 lt. , 1 ara\u00e7 i\u00e7in ise 240 lt.\u2019dir.<\/p>\n<p>\u0130\u015fletmeler taraf\u0131ndan bina veya in\u015faat alan\u0131na sevkiyat kapsam\u0131nda veya ke\u015fif, onar\u0131m ve bak\u0131m ile ilgili tehlikeli maddenin ta\u015f\u0131nmas\u0131nda, 450 lt. s\u0131n\u0131r\u0131 mevcuttur. Bu konuda,<\/p>\n<p>NOT: Tablo A\u2019da 6. S\u00fctunda yer alan \u00d6zel H\u00fck\u00fcmler (3.3) dikkate al\u0131nmal\u0131 ve maddenin ADR kapsam\u0131ndaki olas\u0131 \u00e7ekinceleri g\u00f6zden ge\u00e7irilmelidir.<\/p>\n<p>&nbsp;<\/p>\n<h2 style=\"text-align: center;\">SINIRLI M\u0130KTARLARDA AMBALAJLANAN TEHL\u0130KEL\u0130 MADDELER (Limited Quantity Exception) (Ref. 3.4.1)<img loading=\"lazy\" decoding=\"async\" class=\"size-full wp-image-18 aligncenter\" src=\"https:\/\/www.yagizozbir.com\/wp-content\/uploads\/2017\/01\/Picture1.png\" alt=\"\" width=\"90\" height=\"90\" \/><\/h2>\n<p>\u0130lgili b\u00f6l\u00fcmde, s\u0131n\u0131rl\u0131 miktarlarda paketlenmi\u015f belirli s\u0131n\u0131flara ait tehlikeli maddelere ili\u015fkin uygulanacak h\u00fck\u00fcmler yer almaktad\u0131r.<\/p>\n<p>Tablo A\u2019da s\u00fctun 7a alt\u0131nda yer alan a\u011f\u0131rl\u0131k birimleri,\u00a0 s\u00f6z konusu tehlikeli maddenin <b>i\u00e7 ambalaj\u0131<\/b> i\u00e7inde ta\u015f\u0131nabilece\u011fi en fazla a\u011f\u0131rl\u0131\u011f\u0131 temsil eder.\u00a0 \u00d6ng\u00f6r\u00fclen en fazla d\u0131\u015ftaki ambalaj a\u011f\u0131rl\u0131\u011f\u0131 30 kg\u2019d\u0131r. Herhangi bir d\u0131\u015f ambalaj(overpack) s\u00f6z konusu ise,\u00a0 toplam a\u011f\u0131rl\u0131k s\u0131n\u0131r\u0131 20 kg olacakt\u0131r.\u00a0 Toplam ambalaj a\u011f\u0131rl\u0131\u011f\u0131 ise, 8 ton \u00fczerinde olmamal\u0131d\u0131r.<\/p>\n<p>S\u0131n\u0131rl\u0131 Miktar ta\u015f\u0131malar\u0131nda, paketlerin \u00fczerine siyah beyaz baklava dilimi etiketleme yap\u0131l\u0131r.\u00a0 12 ton \u00fczerindeki ta\u015f\u0131ma \u00fcnitelerinde 8 tonu a\u015fan tehlikeli maddenin s\u00f6z konusu oldu\u011fu S\u0131n\u0131rl\u0131 Miktar ta\u015f\u0131malar\u0131nda; ara\u00e7lar\u0131n \u00f6n ve arkas\u0131na, konteynerin d\u00f6rt\u00a0 bir yan\u0131na ilgili i\u015faretin yer ald\u0131\u011f\u0131 levha tak\u0131l\u0131r.<\/p>\n<p>S\u0131n\u0131rl\u0131 Tehlikeli Madde paket \u00f6zellikleri, a\u015fa\u011f\u0131daki gibi s\u0131raland\u0131r\u0131labilir;<\/p>\n<ol>\n<li>Ambalaj ba\u015f\u0131na d\u00fc\u015fen maksimum br\u00fct a\u011f\u0131rl\u0131k, 30 kilogram\u0131 a\u015famaz.<\/li>\n<li>Y tipi paketlerde, daima kombine ambalaj kurallar\u0131 uygulan\u0131r.<\/li>\n<li>Paketlerin UN \u00f6zelli\u011finde olmas\u0131 aranmaz.<\/li>\n<li>Bu tip muafiyete dahil paketlerde, tehlike tan\u0131mlama ve elle\u00e7leme etiketleri kullan\u0131lmaktad\u0131r.<\/li>\n<li>Tehlikeli Madde G\u00f6nderici Beyan Formu&#8217;nun d\u00fczenlenmesi gereklidir.<\/li>\n<\/ol>\n<p>NOT: Tehlikeli maddenin Tablo A\u2019da yer alan olas\u0131 \u00f6zel h\u00fck\u00fcm ve muafiyet \u00e7ekinceleri mutlaka g\u00f6z \u00f6n\u00fcnde bulundurulmal\u0131d\u0131r.<\/p>\n<p>&nbsp;<\/p>\n<h2 style=\"text-align: center;\">\u0130ST\u0130SNA\u0130 M\u0130KTARLARDA AMBALAJLANMI\u015e TEHL\u0130KEL\u0130 MADDELER (Exceptional Quantity) (Ref. 3.5)<\/h2>\n<p><img loading=\"lazy\" decoding=\"async\" class=\" wp-image-19 aligncenter\" src=\"https:\/\/www.yagizozbir.com\/wp-content\/uploads\/2017\/01\/Picture2.png\" alt=\"\" width=\"101\" height=\"119\" \/><\/p>\n<p>\u0130lgili b\u00f6l\u00fcmde, istisnai miktarlarda paketlenmi\u015f belirli s\u0131n\u0131flara ait tehlikeli maddelere ili\u015fkin uygulanacak h\u00fck\u00fcmler yer almaktad\u0131r.<\/p>\n<p>Tablo A\u2019da s\u00fctun 7b alt\u0131nda yer alan alfan\u00fcmerik kodlar, istisnai miktarlarda ta\u015f\u0131nabilen tehlikeli maddeler i\u00e7in i\u00e7 ve d\u0131\u015ftaki ambalaj i\u00e7in izin verilen a\u011f\u0131rl\u0131k birimlerini belirlemektedir.<\/p>\n<p>\u0130stisnai Miktar ta\u015f\u0131malar\u0131nda, paketlerin \u00fczerine ilgili etiketleme yap\u0131l\u0131r.\u00a0 \u0130lk sat\u0131rda etiket\u00a0 numaras\u0131na(Tablo A S\u00fctun 5) yer verilirken, alt sat\u0131rda \u2013koli \u00fczerinde yaz\u0131l\u0131 de\u011fil ise- g\u00f6nderici ve al\u0131c\u0131ya ait unvan ve adresler yaz\u0131l\u0131r.<\/p>\n<p>\u0130stisnai Tehlikeli Madde paket \u00f6zellikleri, a\u015fa\u011f\u0131daki gibi s\u0131raland\u0131r\u0131labilir;<\/p>\n<ol>\n<li>1 litre veya 1 kilograml\u0131k limitler a\u015f\u0131lamaz.<\/li>\n<li>Paketler, kombine tipindedir. Tek tip paketleme olmaz. Birden fazla paket tipi kullan\u0131l\u0131r.<\/li>\n<li>Genellikle, hi\u00e7bir tehlike tan\u0131mlama etiketi ve elle\u00e7leme etiketi bulundurulmaz.<\/li>\n<li>Tehlikeli Madde G\u00f6nderici Beyan Formu d\u00fczenlenmesine gerek yoktur.<\/li>\n<\/ol>\n<p>NOT: Tehlikeli maddenin Tablo A\u2019da yer alan olas\u0131 \u00f6zel h\u00fck\u00fcm ve muafiyet \u00e7ekinceleri mutlaka g\u00f6z \u00f6n\u00fcnde bulundurulmal\u0131d\u0131r.<\/p>\n","protected":false},"excerpt":{"rendered":"<p>Tehlikeli maddeler mevzuat\u0131 olan ADR Anla\u015fmas\u0131 kapsam\u0131nda, a\u015fa\u011f\u0131daki konularda bilgilendirme ama\u00e7lanm\u0131\u015ft\u0131r. &#8211; Ta\u015f\u0131ma Kategorisi Muafiyeti (K\u0131smi Muafiyetler- Partial Exceptions), &#8211; Genel(Tam) Muafiyetler, &#8211; S\u0131n\u0131rl\u0131 Miktar Muafiyeti(Limited Quantity Exception) &#8211; \u0130stisnai Miktar Muafiyeti (Exceptional Quantity) Bu ba\u015fl\u0131k alt\u0131nda yer alan; K\u0131sm\u0131&#8230;<\/p>\n","protected":false},"author":1,"featured_media":30,"parent":0,"menu_order":0,"comment_status":"closed","ping_status":"open","template":"","meta":{"footnotes":""},"class_list":["post-2","page","type-page","status-publish","has-post-thumbnail","hentry"],"jetpack_sharing_enabled":true,"_links":{"self":[{"href":"https:\/\/www.yagizozbir.com\/index.php\/wp-json\/wp\/v2\/pages\/2","targetHints":{"allow":["GET"]}}],"collection":[{"href":"https:\/\/www.yagizozbir.com\/index.php\/wp-json\/wp\/v2\/pages"}],"about":[{"href":"https:\/\/www.yagizozbir.com\/index.php\/wp-json\/wp\/v2\/types\/page"}],"author":[{"embeddable":true,"href":"https:\/\/www.yagizozbir.com\/index.php\/wp-json\/wp\/v2\/users\/1"}],"replies":[{"embeddable":true,"href":"https:\/\/www.yagizozbir.com\/index.php\/wp-json\/wp\/v2\/comments?post=2"}],"version-history":[{"count":6,"href":"https:\/\/www.yagizozbir.com\/index.php\/wp-json\/wp\/v2\/pages\/2\/revisions"}],"predecessor-version":[{"id":506,"href":"https:\/\/www.yagizozbir.com\/index.php\/wp-json\/wp\/v2\/pages\/2\/revisions\/506"}],"wp:featuredmedia":[{"embeddable":true,"href":"https:\/\/www.yagizozbir.com\/index.php\/wp-json\/wp\/v2\/media\/30"}],"wp:attachment":[{"href":"https:\/\/www.yagizozbir.com\/index.php\/wp-json\/wp\/v2\/media?parent=2"}],"curies":[{"name":"wp","href":"https:\/\/api.w.org\/{rel}","templated":true}]}}