{"id":199,"date":"2017-01-11T16:32:17","date_gmt":"2017-01-11T13:32:17","guid":{"rendered":"http:\/\/www.yagizozbir.com\/?page_id=199"},"modified":"2020-12-21T00:18:17","modified_gmt":"2020-12-20T21:18:17","slug":"anasayfa","status":"publish","type":"page","link":"https:\/\/www.yagizozbir.com\/","title":{"rendered":""},"content":{"rendered":"\n<div class=\"wp-block-group\"><div class=\"wp-block-group__inner-container is-layout-flow wp-block-group-is-layout-flow\">\n<div class=\"wp-block-image is-style-default\"><figure class=\"aligncenter size-large\"><a href=\"https:\/\/www.pinealogistics.com\/\"><img loading=\"lazy\" decoding=\"async\" width=\"348\" height=\"206\" src=\"https:\/\/www.yagizozbir.com\/wp-content\/uploads\/2020\/12\/pinea-beyaz-uzeri.png\" alt=\"\" class=\"wp-image-785\" srcset=\"https:\/\/www.yagizozbir.com\/wp-content\/uploads\/2020\/12\/pinea-beyaz-uzeri.png 348w, https:\/\/www.yagizozbir.com\/wp-content\/uploads\/2020\/12\/pinea-beyaz-uzeri-300x178.png 300w\" sizes=\"auto, (max-width: 348px) 100vw, 348px\" \/><\/a><figcaption>Pinea Lojistik anasayfas\u0131na ula\u015fmak i\u00e7in t\u0131klay\u0131n\u0131z<\/figcaption><\/figure><\/div>\n<\/div><\/div>\n","protected":false},"excerpt":{"rendered":"","protected":false},"author":1,"featured_media":484,"parent":0,"menu_order":0,"comment_status":"closed","ping_status":"closed","template":"","meta":{"footnotes":""},"class_list":["post-199","page","type-page","status-publish","has-post-thumbnail","hentry"],"jetpack_sharing_enabled":true,"_links":{"self":[{"href":"https:\/\/www.yagizozbir.com\/index.php\/wp-json\/wp\/v2\/pages\/199","targetHints":{"allow":["GET"]}}],"collection":[{"href":"https:\/\/www.yagizozbir.com\/index.php\/wp-json\/wp\/v2\/pages"}],"about":[{"href":"https:\/\/www.yagizozbir.com\/index.php\/wp-json\/wp\/v2\/types\/page"}],"author":[{"embeddable":true,"href":"https:\/\/www.yagizozbir.com\/index.php\/wp-json\/wp\/v2\/users\/1"}],"replies":[{"embeddable":true,"href":"https:\/\/www.yagizozbir.com\/index.php\/wp-json\/wp\/v2\/comments?post=199"}],"version-history":[{"count":9,"href":"https:\/\/www.yagizozbir.com\/index.php\/wp-json\/wp\/v2\/pages\/199\/revisions"}],"predecessor-version":[{"id":787,"href":"https:\/\/www.yagizozbir.com\/index.php\/wp-json\/wp\/v2\/pages\/199\/revisions\/787"}],"wp:featuredmedia":[{"embeddable":true,"href":"https:\/\/www.yagizozbir.com\/index.php\/wp-json\/wp\/v2\/media\/484"}],"wp:attachment":[{"href":"https:\/\/www.yagizozbir.com\/index.php\/wp-json\/wp\/v2\/media?parent=199"}],"curies":[{"name":"wp","href":"https:\/\/api.w.org\/{rel}","templated":true}]}}