{"id":114,"date":"2017-01-09T19:43:44","date_gmt":"2017-01-09T16:43:44","guid":{"rendered":"http:\/\/www.yagizozbir.com\/?page_id=114"},"modified":"2020-12-21T00:27:30","modified_gmt":"2020-12-20T21:27:30","slug":"iletisim","status":"publish","type":"page","link":"https:\/\/www.yagizozbir.com\/index.php\/iletisim\/","title":{"rendered":"\u0130leti\u015fim"},"content":{"rendered":"<p><img loading=\"lazy\" decoding=\"async\" class=\"aligncenter wp-image-792 size-medium\" src=\"https:\/\/www.yagizozbir.com\/wp-content\/uploads\/2020\/12\/Yagiz-Pinea-Portre-300x169.png\" alt=\"\" width=\"300\" height=\"169\" srcset=\"https:\/\/www.yagizozbir.com\/wp-content\/uploads\/2020\/12\/Yagiz-Pinea-Portre-300x169.png 300w, https:\/\/www.yagizozbir.com\/wp-content\/uploads\/2020\/12\/Yagiz-Pinea-Portre-1024x576.png 1024w, https:\/\/www.yagizozbir.com\/wp-content\/uploads\/2020\/12\/Yagiz-Pinea-Portre-768x432.png 768w, https:\/\/www.yagizozbir.com\/wp-content\/uploads\/2020\/12\/Yagiz-Pinea-Portre-1536x864.png 1536w, https:\/\/www.yagizozbir.com\/wp-content\/uploads\/2020\/12\/Yagiz-Pinea-Portre-2048x1152.png 2048w\" sizes=\"auto, (max-width: 300px) 100vw, 300px\" \/><\/p>\n<h1 style=\"text-align: center;\">Ya\u011f\u0131z \u00d6ZB\u0130R<\/h1>\n<p style=\"text-align: center;\">E-posta : <a href=\"yagiz@pinealogistics.com\">yagiz@pinealogistics.com<\/a> \/ <a href=\"mailto:yagizozbir@gmail.com\">yagizozbir@gmail.com<\/a>\u00a0&#8211;<\/p>\n<p style=\"text-align: center;\">Skype : yagiz.ozbir<\/p>\n<p style=\"text-align: center;\">Telefon : 0090 506 816 57 16<\/p>\n<p style=\"text-align: center;\">Konak \/ \u0130ZM\u0130R &#8211; T\u00dcRK\u0130YE<\/p>\n<p style=\"text-align: center;\"><a href=\"http:\/\/www.linkedin.com\/in\/yagizozbir\"><img loading=\"lazy\" decoding=\"async\" class=\"wp-image-143 aligncenter\" src=\"https:\/\/www.yagizozbir.com\/wp-content\/uploads\/2017\/01\/linkedin.png\" width=\"57\" height=\"57\" srcset=\"https:\/\/www.yagizozbir.com\/wp-content\/uploads\/2017\/01\/linkedin.png 225w, https:\/\/www.yagizozbir.com\/wp-content\/uploads\/2017\/01\/linkedin-150x150.png 150w\" sizes=\"auto, (max-width: 57px) 100vw, 57px\" \/><\/a><\/p>\n","protected":false},"excerpt":{"rendered":"<p>Ya\u011f\u0131z \u00d6ZB\u0130R E-posta : yagiz@pinealogistics.com \/ yagizozbir@gmail.com\u00a0&#8211; Skype : yagiz.ozbir Telefon : 0090 506 816 57 16 Konak \/ \u0130ZM\u0130R &#8211; T\u00dcRK\u0130YE<\/p>\n","protected":false},"author":1,"featured_media":156,"parent":0,"menu_order":0,"comment_status":"closed","ping_status":"closed","template":"","meta":{"footnotes":""},"class_list":["post-114","page","type-page","status-publish","has-post-thumbnail","hentry"],"jetpack_sharing_enabled":true,"_links":{"self":[{"href":"https:\/\/www.yagizozbir.com\/index.php\/wp-json\/wp\/v2\/pages\/114","targetHints":{"allow":["GET"]}}],"collection":[{"href":"https:\/\/www.yagizozbir.com\/index.php\/wp-json\/wp\/v2\/pages"}],"about":[{"href":"https:\/\/www.yagizozbir.com\/index.php\/wp-json\/wp\/v2\/types\/page"}],"author":[{"embeddable":true,"href":"https:\/\/www.yagizozbir.com\/index.php\/wp-json\/wp\/v2\/users\/1"}],"replies":[{"embeddable":true,"href":"https:\/\/www.yagizozbir.com\/index.php\/wp-json\/wp\/v2\/comments?post=114"}],"version-history":[{"count":5,"href":"https:\/\/www.yagizozbir.com\/index.php\/wp-json\/wp\/v2\/pages\/114\/revisions"}],"predecessor-version":[{"id":793,"href":"https:\/\/www.yagizozbir.com\/index.php\/wp-json\/wp\/v2\/pages\/114\/revisions\/793"}],"wp:featuredmedia":[{"embeddable":true,"href":"https:\/\/www.yagizozbir.com\/index.php\/wp-json\/wp\/v2\/media\/156"}],"wp:attachment":[{"href":"https:\/\/www.yagizozbir.com\/index.php\/wp-json\/wp\/v2\/media?parent=114"}],"curies":[{"name":"wp","href":"https:\/\/api.w.org\/{rel}","templated":true}]}}